{"id":2763,"date":"2023-11-07T11:08:39","date_gmt":"2023-11-07T11:08:39","guid":{"rendered":"https:\/\/gallandor.com\/about-us\/"},"modified":"2024-04-04T07:23:31","modified_gmt":"2024-04-04T07:23:31","slug":"about-us","status":"publish","type":"page","link":"https:\/\/gallandor.com\/fr\/about-us\/","title":{"rendered":"ABOUT US"},"content":{"rendered":"\t\t<div data-elementor-type=\"wp-page\" data-elementor-id=\"2763\" class=\"elementor elementor-2763 elementor-70\" data-elementor-post-type=\"page\">\n\t\t\t\t<div class=\"elementor-element elementor-element-c9caa1a e-flex e-con-boxed e-con e-parent\" data-id=\"c9caa1a\" data-element_type=\"container\" data-e-type=\"container\">\n\t\t\t\t\t<div class=\"e-con-inner\">\n\t\t\t\t<div class=\"elementor-element elementor-element-d818e30 elementor-widget elementor-widget-heading\" data-id=\"d818e30\" data-element_type=\"widget\" data-e-type=\"widget\" data-widget_type=\"heading.default\">\n\t\t\t\t<div class=\"elementor-widget-container\">\n\t\t\t\t\t<h2 class=\"elementor-heading-title elementor-size-default\">ABOUT GALLAND\u2019OR<\/h2>\t\t\t\t<\/div>\n\t\t\t\t<\/div>\n\t\t\t\t\t<\/div>\n\t\t\t\t<\/div>\n\t\t<div class=\"elementor-element elementor-element-82f83e6 e-con-full e-flex e-con e-parent\" data-id=\"82f83e6\" data-element_type=\"container\" data-e-type=\"container\" id=\"section1\">\n\t\t<div class=\"elementor-element elementor-element-f15e847 e-con-full e-flex e-con e-child\" data-id=\"f15e847\" data-element_type=\"container\" data-e-type=\"container\" data-settings=\"{&quot;background_background&quot;:&quot;classic&quot;}\">\n\t\t\t\t<div class=\"elementor-element elementor-element-655b8b3 elementor-widget elementor-widget-heading\" data-id=\"655b8b3\" data-element_type=\"widget\" data-e-type=\"widget\" data-widget_type=\"heading.default\">\n\t\t\t\t<div class=\"elementor-widget-container\">\n\t\t\t\t\t<h2 class=\"elementor-heading-title elementor-size-default\">LE SAVOIR FAIRE \u00c0 LA FRAN\u00c7AISE<\/h2>\t\t\t\t<\/div>\n\t\t\t\t<\/div>\n\t\t\t\t<div class=\"elementor-element elementor-element-c408695 elementor-widget__width-initial elementor-widget elementor-widget-text-editor\" data-id=\"c408695\" data-element_type=\"widget\" data-e-type=\"widget\" data-widget_type=\"text-editor.default\">\n\t\t\t\t<div class=\"elementor-widget-container\">\n\t\t\t\t\t\t\t\t\t<p>Dans notre qu\u00eate d\u2019excellence, nous avons minutieusement s\u00e9lectionn\u00e9 deux vari\u00e9t\u00e9s de pommes parmi les vergers les plus prestigieux de France, afin d\u2019assurer une harmonie parfaite des saveurs. <\/p>\n<p>Ces pommes, cueillies \u00e0 un instant privil\u00e9gi\u00e9 de l\u2019ann\u00e9e o\u00f9 elles atteignent leur pleine maturit\u00e9, lib\u00e8rent par leur assemblage un fructose naturel, donnant naissance \u00e0 un jus d\u2019une exceptionnelle douceur et finesse.<\/p>\n\t\t\t\t\t\t\t\t<\/div>\n\t\t\t\t<\/div>\n\t\t\t\t<div class=\"elementor-element elementor-element-6bac246 elementor-align-center elementor-widget__width-initial elementor-widget elementor-widget-button\" data-id=\"6bac246\" data-element_type=\"widget\" data-e-type=\"widget\" data-widget_type=\"button.default\">\n\t\t\t\t<div class=\"elementor-widget-container\">\n\t\t\t\t\t\t\t\t\t<div class=\"elementor-button-wrapper\">\n\t\t\t\t\t<a class=\"elementor-button elementor-button-link elementor-size-sm elementor-animation-grow\" href=\"https:\/\/gallandor.com\/fr\/shop\/\">\n\t\t\t\t\t\t<span class=\"elementor-button-content-wrapper\">\n\t\t\t\t\t\t\t\t\t<span class=\"elementor-button-text\">La boutique<\/span>\n\t\t\t\t\t<\/span>\n\t\t\t\t\t<\/a>\n\t\t\t\t<\/div>\n\t\t\t\t\t\t\t\t<\/div>\n\t\t\t\t<\/div>\n\t\t\t\t<\/div>\n\t\t<div class=\"elementor-element elementor-element-0add50f e-con-full e-flex e-con e-child\" data-id=\"0add50f\" data-element_type=\"container\" data-e-type=\"container\">\n\t\t\t\t<div class=\"elementor-element elementor-element-0fb85c1 elementor-widget elementor-widget-image\" data-id=\"0fb85c1\" data-element_type=\"widget\" data-e-type=\"widget\" data-widget_type=\"image.default\">\n\t\t\t\t<div class=\"elementor-widget-container\">\n\t\t\t\t\t\t\t\t\t\t\t\t\t\t\t<img fetchpriority=\"high\" decoding=\"async\" width=\"929\" height=\"907\" src=\"https:\/\/gallandor.com\/wp-content\/uploads\/2023\/11\/Apple-e1709810551579.png\" class=\"attachment-full size-full wp-image-2695\" alt=\"\" srcset=\"https:\/\/gallandor.com\/wp-content\/uploads\/2023\/11\/Apple-e1709810551579.png 929w, https:\/\/gallandor.com\/wp-content\/uploads\/2023\/11\/Apple-e1709810551579-600x586.png 600w, https:\/\/gallandor.com\/wp-content\/uploads\/2023\/11\/Apple-e1709810551579-300x293.png 300w, https:\/\/gallandor.com\/wp-content\/uploads\/2023\/11\/Apple-e1709810551579-768x750.png 768w\" sizes=\"(max-width: 929px) 100vw, 929px\" \/>\t\t\t\t\t\t\t\t\t\t\t\t\t\t\t<\/div>\n\t\t\t\t<\/div>\n\t\t\t\t<\/div>\n\t\t\t\t<\/div>\n\t\t<div class=\"elementor-element elementor-element-95e204d e-con-full e-flex e-con e-parent\" data-id=\"95e204d\" data-element_type=\"container\" data-e-type=\"container\" id=\"section2\">\n\t\t<div class=\"elementor-element elementor-element-1f934cf e-con-full e-flex e-con e-child\" data-id=\"1f934cf\" data-element_type=\"container\" data-e-type=\"container\">\n\t\t\t\t<div class=\"elementor-element elementor-element-2522b15 elementor-widget elementor-widget-heading\" data-id=\"2522b15\" data-element_type=\"widget\" data-e-type=\"widget\" data-widget_type=\"heading.default\">\n\t\t\t\t<div class=\"elementor-widget-container\">\n\t\t\t\t\t<h2 class=\"elementor-heading-title elementor-size-default\">LA FUSION DE L\u2019OR ET DES FRUITS<\/h2>\t\t\t\t<\/div>\n\t\t\t\t<\/div>\n\t\t\t\t<div class=\"elementor-element elementor-element-c1726ff elementor-widget__width-initial elementor-widget elementor-widget-text-editor\" data-id=\"c1726ff\" data-element_type=\"widget\" data-e-type=\"widget\" data-widget_type=\"text-editor.default\">\n\t\t\t\t<div class=\"elementor-widget-container\">\n\t\t\t\t\t\t\t\t\t<p>Galland\u2019or allie d\u00e9licatement les paillettes d\u2019or 23 carats \u00e0 la fra\u00eecheur des fruits, offrant une boisson \u00e0 la fois luxueuse, naturelle et festive.<\/p>\n\t\t\t\t\t\t\t\t<\/div>\n\t\t\t\t<\/div>\n\t\t\t\t<div class=\"elementor-element elementor-element-c1b5be4 elementor-align-center elementor-widget__width-initial elementor-widget elementor-widget-button\" data-id=\"c1b5be4\" data-element_type=\"widget\" data-e-type=\"widget\" data-widget_type=\"button.default\">\n\t\t\t\t<div class=\"elementor-widget-container\">\n\t\t\t\t\t\t\t\t\t<div class=\"elementor-button-wrapper\">\n\t\t\t\t\t<a class=\"elementor-button elementor-button-link elementor-size-sm elementor-animation-grow\" href=\"https:\/\/gallandor.com\/fr\/news\/\">\n\t\t\t\t\t\t<span class=\"elementor-button-content-wrapper\">\n\t\t\t\t\t\t\t\t\t<span class=\"elementor-button-text\">Nos actualit\u00e9s <\/span>\n\t\t\t\t\t<\/span>\n\t\t\t\t\t<\/a>\n\t\t\t\t<\/div>\n\t\t\t\t\t\t\t\t<\/div>\n\t\t\t\t<\/div>\n\t\t\t\t<\/div>\n\t\t<div class=\"elementor-element elementor-element-128bc02 e-con-full e-flex e-con e-child\" data-id=\"128bc02\" data-element_type=\"container\" data-e-type=\"container\">\n\t\t\t\t<div class=\"elementor-element elementor-element-2cb391f elementor-widget elementor-widget-image\" data-id=\"2cb391f\" data-element_type=\"widget\" data-e-type=\"widget\" data-widget_type=\"image.default\">\n\t\t\t\t<div class=\"elementor-widget-container\">\n\t\t\t\t\t\t\t\t\t\t\t\t\t\t\t<img decoding=\"async\" width=\"1017\" height=\"1280\" src=\"https:\/\/gallandor.com\/wp-content\/uploads\/2024\/03\/WhatsApp-Image-2024-03-07-at-13.54.50.jpeg\" class=\"attachment-full size-full wp-image-2748\" alt=\"\" srcset=\"https:\/\/gallandor.com\/wp-content\/uploads\/2024\/03\/WhatsApp-Image-2024-03-07-at-13.54.50.jpeg 1017w, https:\/\/gallandor.com\/wp-content\/uploads\/2024\/03\/WhatsApp-Image-2024-03-07-at-13.54.50-238x300.jpeg 238w, https:\/\/gallandor.com\/wp-content\/uploads\/2024\/03\/WhatsApp-Image-2024-03-07-at-13.54.50-814x1024.jpeg 814w, https:\/\/gallandor.com\/wp-content\/uploads\/2024\/03\/WhatsApp-Image-2024-03-07-at-13.54.50-768x967.jpeg 768w, https:\/\/gallandor.com\/wp-content\/uploads\/2024\/03\/WhatsApp-Image-2024-03-07-at-13.54.50-600x755.jpeg 600w\" sizes=\"(max-width: 1017px) 100vw, 1017px\" \/>\t\t\t\t\t\t\t\t\t\t\t\t\t\t\t<\/div>\n\t\t\t\t<\/div>\n\t\t\t\t<\/div>\n\t\t\t\t<\/div>\n\t\t<div class=\"elementor-element elementor-element-adfd6b1 e-con-full e-flex e-con e-parent\" data-id=\"adfd6b1\" data-element_type=\"container\" data-e-type=\"container\">\n\t\t<div class=\"elementor-element elementor-element-1d1b6d0 e-con-full e-flex e-con e-child\" data-id=\"1d1b6d0\" data-element_type=\"container\" data-e-type=\"container\">\n\t\t\t\t<div class=\"elementor-element elementor-element-e5f92e9 elementor-widget elementor-widget-heading\" data-id=\"e5f92e9\" data-element_type=\"widget\" data-e-type=\"widget\" data-widget_type=\"heading.default\">\n\t\t\t\t<div class=\"elementor-widget-container\">\n\t\t\t\t\t<h2 class=\"elementor-heading-title elementor-size-default\">ID\u00c9ALE POUR CHAQUE INSTANT<\/h2>\t\t\t\t<\/div>\n\t\t\t\t<\/div>\n\t\t\t\t<div class=\"elementor-element elementor-element-47db844 elementor-widget__width-initial elementor-widget elementor-widget-text-editor\" data-id=\"47db844\" data-element_type=\"widget\" data-e-type=\"widget\" data-widget_type=\"text-editor.default\">\n\t\t\t\t<div class=\"elementor-widget-container\">\n\t\t\t\t\t\t\t\t\tCon\u00e7ue pour satisfaire les palais les plus d\u00e9licats, chaque gorg\u00e9e de GALLAND\u2018OR est un pur d\u00e9lice, se r\u00e9v\u00e9lant \u00eatre l\u2019accompagnement parfait pour toute d\u00e9gustation raffin\u00e9e.\r\n\r\nCette boisson p\u00e9tillante se pr\u00e9sente comme le choix privil\u00e9gi\u00e9 pour tous les moments d\u2019exception.\t\t\t\t\t\t\t\t<\/div>\n\t\t\t\t<\/div>\n\t\t\t\t<div class=\"elementor-element elementor-element-23eed87 elementor-align-center elementor-widget__width-initial elementor-widget elementor-widget-button\" data-id=\"23eed87\" data-element_type=\"widget\" data-e-type=\"widget\" data-widget_type=\"button.default\">\n\t\t\t\t<div class=\"elementor-widget-container\">\n\t\t\t\t\t\t\t\t\t<div class=\"elementor-button-wrapper\">\n\t\t\t\t\t<a class=\"elementor-button elementor-button-link elementor-size-sm elementor-animation-grow\" href=\"https:\/\/gallandor.com\/fr\/shop\/\">\n\t\t\t\t\t\t<span class=\"elementor-button-content-wrapper\">\n\t\t\t\t\t\t\t\t\t<span class=\"elementor-button-text\">La boutique<\/span>\n\t\t\t\t\t<\/span>\n\t\t\t\t\t<\/a>\n\t\t\t\t<\/div>\n\t\t\t\t\t\t\t\t<\/div>\n\t\t\t\t<\/div>\n\t\t\t\t<\/div>\n\t\t<div class=\"elementor-element elementor-element-bee1d87 e-con-full e-flex e-con e-child\" data-id=\"bee1d87\" data-element_type=\"container\" data-e-type=\"container\">\n\t\t\t\t<div class=\"elementor-element elementor-element-de4fd28 elementor-widget elementor-widget-image\" data-id=\"de4fd28\" data-element_type=\"widget\" data-e-type=\"widget\" data-widget_type=\"image.default\">\n\t\t\t\t<div class=\"elementor-widget-container\">\n\t\t\t\t\t\t\t\t\t\t\t\t\t\t\t<img decoding=\"async\" width=\"2048\" height=\"2560\" src=\"https:\/\/gallandor.com\/wp-content\/uploads\/2023\/12\/21.234copy-scaled.jpg\" class=\"attachment-full size-full wp-image-2722\" alt=\"\" srcset=\"https:\/\/gallandor.com\/wp-content\/uploads\/2023\/12\/21.234copy-scaled.jpg 2048w, https:\/\/gallandor.com\/wp-content\/uploads\/2023\/12\/21.234copy-240x300.jpg 240w, https:\/\/gallandor.com\/wp-content\/uploads\/2023\/12\/21.234copy-819x1024.jpg 819w, https:\/\/gallandor.com\/wp-content\/uploads\/2023\/12\/21.234copy-768x960.jpg 768w, https:\/\/gallandor.com\/wp-content\/uploads\/2023\/12\/21.234copy-1229x1536.jpg 1229w, https:\/\/gallandor.com\/wp-content\/uploads\/2023\/12\/21.234copy-1638x2048.jpg 1638w, https:\/\/gallandor.com\/wp-content\/uploads\/2023\/12\/21.234copy-600x750.jpg 600w\" sizes=\"(max-width: 2048px) 100vw, 2048px\" \/>\t\t\t\t\t\t\t\t\t\t\t\t\t\t\t<\/div>\n\t\t\t\t<\/div>\n\t\t\t\t<\/div>\n\t\t\t\t<\/div>\n\t\t<div class=\"elementor-element elementor-element-3698647 e-flex e-con-boxed e-con e-parent\" data-id=\"3698647\" data-element_type=\"container\" data-e-type=\"container\">\n\t\t\t\t\t<div class=\"e-con-inner\">\n\t\t\t\t<div class=\"elementor-element elementor-element-8182b13 elementor-widget elementor-widget-heading\" data-id=\"8182b13\" data-element_type=\"widget\" data-e-type=\"widget\" data-widget_type=\"heading.default\">\n\t\t\t\t<div class=\"elementor-widget-container\">\n\t\t\t\t\t<h3 class=\"elementor-heading-title elementor-size-default\">@galland\u2019or<\/h3>\t\t\t\t<\/div>\n\t\t\t\t<\/div>\n\t\t\t\t<div class=\"elementor-element elementor-element-2cad753 elementor-widget elementor-widget-heading\" data-id=\"2cad753\" data-element_type=\"widget\" data-e-type=\"widget\" data-widget_type=\"heading.default\">\n\t\t\t\t<div class=\"elementor-widget-container\">\n\t\t\t\t\t<h2 class=\"elementor-heading-title elementor-size-default\">Suivez-Nous <\/h2>\t\t\t\t<\/div>\n\t\t\t\t<\/div>\n\t\t\t\t\t<\/div>\n\t\t\t\t<\/div>\n\t\t<div class=\"elementor-element elementor-element-6abafd0 e-con-full e-flex e-con e-parent\" data-id=\"6abafd0\" data-element_type=\"container\" data-e-type=\"container\">\n\t\t\t\t<div class=\"elementor-element elementor-element-6a12b39 elementor-widget elementor-widget-image-carousel\" data-id=\"6a12b39\" data-element_type=\"widget\" data-e-type=\"widget\" data-settings=\"{&quot;slides_to_show&quot;:&quot;7&quot;,&quot;slides_to_show_tablet&quot;:&quot;6&quot;,&quot;slides_to_show_mobile&quot;:&quot;3&quot;,&quot;slides_to_scroll&quot;:&quot;1&quot;,&quot;slides_to_scroll_tablet&quot;:&quot;1&quot;,&quot;navigation&quot;:&quot;none&quot;,&quot;image_spacing_custom&quot;:{&quot;unit&quot;:&quot;px&quot;,&quot;size&quot;:5,&quot;sizes&quot;:[]},&quot;autoplay&quot;:&quot;yes&quot;,&quot;pause_on_hover&quot;:&quot;yes&quot;,&quot;pause_on_interaction&quot;:&quot;yes&quot;,&quot;autoplay_speed&quot;:5000,&quot;infinite&quot;:&quot;yes&quot;,&quot;speed&quot;:500,&quot;image_spacing_custom_tablet&quot;:{&quot;unit&quot;:&quot;px&quot;,&quot;size&quot;:&quot;&quot;,&quot;sizes&quot;:[]},&quot;image_spacing_custom_mobile&quot;:{&quot;unit&quot;:&quot;px&quot;,&quot;size&quot;:&quot;&quot;,&quot;sizes&quot;:[]}}\" data-widget_type=\"image-carousel.default\">\n\t\t\t\t<div class=\"elementor-widget-container\">\n\t\t\t\t\t\t\t<div class=\"elementor-image-carousel-wrapper swiper\" role=\"region\" aria-roledescription=\"carousel\" aria-label=\"Carrousel d\u2019images\" dir=\"ltr\">\n\t\t\t<div class=\"elementor-image-carousel swiper-wrapper swiper-image-stretch\" aria-live=\"off\">\n\t\t\t\t\t\t\t\t<div class=\"swiper-slide\" role=\"group\" aria-roledescription=\"slide\" aria-label=\"1 sur 7\"><figure class=\"swiper-slide-inner\"><img decoding=\"async\" class=\"swiper-slide-image\" src=\"https:\/\/gallandor.com\/wp-content\/uploads\/2023\/11\/1-1.png\" alt=\"1\" \/><\/figure><\/div><div class=\"swiper-slide\" role=\"group\" aria-roledescription=\"slide\" aria-label=\"2 sur 7\"><figure class=\"swiper-slide-inner\"><img decoding=\"async\" class=\"swiper-slide-image\" src=\"https:\/\/gallandor.com\/wp-content\/uploads\/2023\/11\/2.png\" alt=\"2\" \/><\/figure><\/div><div class=\"swiper-slide\" role=\"group\" aria-roledescription=\"slide\" aria-label=\"3 sur 7\"><figure class=\"swiper-slide-inner\"><img decoding=\"async\" class=\"swiper-slide-image\" src=\"https:\/\/gallandor.com\/wp-content\/uploads\/2023\/11\/3.png\" alt=\"3\" \/><\/figure><\/div><div class=\"swiper-slide\" role=\"group\" aria-roledescription=\"slide\" aria-label=\"4 sur 7\"><figure class=\"swiper-slide-inner\"><img decoding=\"async\" class=\"swiper-slide-image\" src=\"https:\/\/gallandor.com\/wp-content\/uploads\/2023\/11\/4.png\" alt=\"4\" \/><\/figure><\/div><div class=\"swiper-slide\" role=\"group\" aria-roledescription=\"slide\" aria-label=\"5 sur 7\"><figure class=\"swiper-slide-inner\"><img decoding=\"async\" class=\"swiper-slide-image\" src=\"https:\/\/gallandor.com\/wp-content\/uploads\/2023\/11\/5.png\" alt=\"5\" \/><\/figure><\/div><div class=\"swiper-slide\" role=\"group\" aria-roledescription=\"slide\" aria-label=\"6 sur 7\"><figure class=\"swiper-slide-inner\"><img decoding=\"async\" class=\"swiper-slide-image\" src=\"https:\/\/gallandor.com\/wp-content\/uploads\/2023\/11\/6-1.png\" alt=\"6\" \/><\/figure><\/div><div class=\"swiper-slide\" role=\"group\" aria-roledescription=\"slide\" aria-label=\"7 sur 7\"><figure class=\"swiper-slide-inner\"><img decoding=\"async\" class=\"swiper-slide-image\" src=\"https:\/\/gallandor.com\/wp-content\/uploads\/2023\/11\/7.png\" alt=\"7\" \/><\/figure><\/div>\t\t\t<\/div>\n\t\t\t\t\t\t\t\n\t\t\t\t\t\t\t\t\t<\/div>\n\t\t\t\t\t\t<\/div>\n\t\t\t\t<\/div>\n\t\t\t\t<\/div>\n\t\t\t\t<\/div>\n\t\t","protected":false},"excerpt":{"rendered":"<p>ABOUT GALLAND\u2019OR LE SAVOIR FAIRE \u00c0 LA FRAN\u00c7AISE Dans notre qu\u00eate d\u2019excellence, nous avons minutieusement s\u00e9lectionn\u00e9 deux vari\u00e9t\u00e9s de pommes parmi les vergers les plus prestigieux de France, afin d\u2019assurer une harmonie parfaite des saveurs. Ces pommes, cueillies \u00e0 un instant privil\u00e9gi\u00e9 de l\u2019ann\u00e9e o\u00f9 elles atteignent leur pleine maturit\u00e9, lib\u00e8rent par leur assemblage un [&hellip;]<\/p>\n","protected":false},"author":1,"featured_media":0,"parent":0,"menu_order":0,"comment_status":"closed","ping_status":"closed","template":"elementor_header_footer","meta":{"_acf_changed":false,"footnotes":""},"class_list":["post-2763","page","type-page","status-publish","hentry"],"acf":[],"_links":{"self":[{"href":"https:\/\/gallandor.com\/fr\/wp-json\/wp\/v2\/pages\/2763","targetHints":{"allow":["GET"]}}],"collection":[{"href":"https:\/\/gallandor.com\/fr\/wp-json\/wp\/v2\/pages"}],"about":[{"href":"https:\/\/gallandor.com\/fr\/wp-json\/wp\/v2\/types\/page"}],"author":[{"embeddable":true,"href":"https:\/\/gallandor.com\/fr\/wp-json\/wp\/v2\/users\/1"}],"replies":[{"embeddable":true,"href":"https:\/\/gallandor.com\/fr\/wp-json\/wp\/v2\/comments?post=2763"}],"version-history":[{"count":4,"href":"https:\/\/gallandor.com\/fr\/wp-json\/wp\/v2\/pages\/2763\/revisions"}],"predecessor-version":[{"id":2972,"href":"https:\/\/gallandor.com\/fr\/wp-json\/wp\/v2\/pages\/2763\/revisions\/2972"}],"wp:attachment":[{"href":"https:\/\/gallandor.com\/fr\/wp-json\/wp\/v2\/media?parent=2763"}],"curies":[{"name":"wp","href":"https:\/\/api.w.org\/{rel}","templated":true}]}}